{"id":168,"date":"2021-02-19T17:19:47","date_gmt":"2021-02-19T17:19:47","guid":{"rendered":"https:\/\/online.kunst-schule.ch\/?post_type=product&#038;p=168"},"modified":"2021-02-19T17:41:57","modified_gmt":"2021-02-19T17:41:57","slug":"siebdruck-workshop-stoff-winterthur","status":"publish","type":"product","link":"https:\/\/online.kunst-schule.ch\/index.php\/produkt\/siebdruck-workshop-stoff-winterthur\/","title":{"rendered":"Siebdruck-Workshop: Stoff"},"content":{"rendered":"<p>In diesem Workshop bedruckst du Bags, Stofftaschen, T-Shirt \u2013 alles was du zu Hause aus Textilien hast \u2013 mit deinem eigenen Motiv.\u00a0 Ich werde dir in kurzer Zeit das n\u00f6tige Know-how vermitteln, damit du eigenst\u00e4ndig Schablonen anfertigen und drucken kannst. Es k\u00f6nnen Einfarben Drucke oder Mehrfarbendrucke entstehen.<\/p>\n<p>&nbsp;<\/p>\n<ul>\n<li>Gruppengr\u00f6sse: 4 Personen<\/li>\n<li>Niveau: F\u00fcr alle geeignet, die sich trauen oder bereits gedruckt haben<\/li>\n<li>Mitbringen: deine Vorlagen in schwarz-weiss f\u00fcr den Siebdruck, Textilien zum Bedrucken.<\/li>\n<\/ul>\n<p>&nbsp;<\/p>\n<p><strong>Workshop Ablauf<\/strong><br \/>\n10:00 \u2013 12:15Uhr<br \/>\nAus dem gew\u00e4hlten Motiv fertigst du eine Kopiervorlage an, die du w\u00e4hrend des Morgens in die richtige Gestaltungsform bringst.<\/p>\n<p>12:15 \u2013 13:15<br \/>\nMittagspause<\/p>\n<p>13:15 \u2013 16:30<br \/>\nAm Nachmittag belichtest du die Siebe mit deinen Motivfolien und dann wird gedruckt.<br \/>\nDu kannst auf einem einzelnen Sieb ein grosses Motiv oder mehrere kleinere Motive belichten.<\/p>\n<p>16:30 \u2013 17:00<br \/>\naufr\u00e4umen<\/p>\n<p><strong>Die Technik des Siebdrucks<\/strong><br \/>\nDer Siebdruck ist ein Druckverfahren, das durch die vielf\u00e4ltige Schablonenherstellung und die breite Palette der Drucktr\u00e4ger besticht. Das heisst konkret: Du kannst fast jede Vorlage, sei es Zeichnung, Foto, Muster oder Schrift, bearbeiten und als Druckschablone verwenden. Mit dieser Schablone druckst du anschliessend z. B. auf Papier, Karton, Textil, Holz oder Kunststoff.<br \/>\nDie Auswahl der Farbe, die Kombination der Motive und die unterschiedlichsten Drucktr\u00e4ger unterstu\u0308tzen dich beim Experimentieren und garantieren auch ohne besondere Vorkenntnisse ein hochwertiges Endprodukt!<\/p>\n<p><strong>Die Druckvorlage fu\u0308r den Siebdruck<\/strong><br \/>\nUm im Siebdruckverfahren drucken zu k\u00f6nnen, brauchst du zun\u00e4chst ein Motiv. Bei der Wahl des Motivs hast du viele M\u00f6glichkeiten: Es kann ein Schriftzug, eine Zeichnung, Grafik oder auch ein Foto sein. Wichtig ist, dass das Motiv nur schwarz und weiss ist und keine Graustufen enth\u00e4lt!<br \/>\nMotive mit Graustufen k\u00f6nnen mit Bildbearbeitungsprogrammen umgewandelt werden, sodass sie nur noch aus schwarzen und weissen Pu\u0308nktchen bzw. Fl\u00e4chen bestehen.<\/p>\n","protected":false},"excerpt":{"rendered":"<p>Siebdruck-Workshop: Stoff an der Kunstschule Winterthur<br \/>\nF\u00fcr Jugendliche und Erwachsene<\/p>\n","protected":false},"featured_media":169,"template":"","meta":{"_et_pb_use_builder":"","_et_pb_old_content":"","_et_gb_content_width":""},"product_cat":[77],"product_tag":[81,64,36,60,35,78,79,80],"_links":{"self":[{"href":"https:\/\/online.kunst-schule.ch\/index.php\/wp-json\/wp\/v2\/product\/168"}],"collection":[{"href":"https:\/\/online.kunst-schule.ch\/index.php\/wp-json\/wp\/v2\/product"}],"about":[{"href":"https:\/\/online.kunst-schule.ch\/index.php\/wp-json\/wp\/v2\/types\/product"}],"wp:featuredmedia":[{"embeddable":true,"href":"https:\/\/online.kunst-schule.ch\/index.php\/wp-json\/wp\/v2\/media\/169"}],"wp:attachment":[{"href":"https:\/\/online.kunst-schule.ch\/index.php\/wp-json\/wp\/v2\/media?parent=168"}],"wp:term":[{"taxonomy":"product_cat","embeddable":true,"href":"https:\/\/online.kunst-schule.ch\/index.php\/wp-json\/wp\/v2\/product_cat?post=168"},{"taxonomy":"product_tag","embeddable":true,"href":"https:\/\/online.kunst-schule.ch\/index.php\/wp-json\/wp\/v2\/product_tag?post=168"}],"curies":[{"name":"wp","href":"https:\/\/api.w.org\/{rel}","templated":true}]}}