{"id":289,"date":"2021-04-17T17:42:56","date_gmt":"2021-04-17T17:42:56","guid":{"rendered":"https:\/\/online.kunst-schule.ch\/?post_type=product&#038;p=289"},"modified":"2021-04-17T19:48:17","modified_gmt":"2021-04-17T19:48:17","slug":"fotografie-grundlagen-wochenendkurs","status":"publish","type":"product","link":"https:\/\/online.kunst-schule.ch\/index.php\/produkt\/fotografie-grundlagen-wochenendkurs\/","title":{"rendered":"Fotografie Grundlagen Wochenendkurs"},"content":{"rendered":"<p>Weg von der Fotografie des Zufalls! Sie lernen sich nicht mehr von der Technik bestimmen zu lassen, sondern diese f\u00fcr Ihre Bildkreationen gezielt einzusetzen. Bestimmen Sie selbst, wo Sie den Fokus in Ihrem Bild legen, wie Sie die Sch\u00e4rfe verteilen, wo Ihr Bild hell oder dunkel sein soll und ob Ihr Bild Bewegung aufzeigt oder gar Bewegungen einfriert.<\/p>\n<p>Nach einer theoretischen Einf\u00fchrung werden Sie Ihr neu erworbenes Wissen in die Praxis umsetzen. Dabei profitieren Sie w\u00e4hrend diesem Kurs laufend vom technischen und praktischen Know-Hows der Berufsfotografen. Wir bieten gen\u00fcgend Raum\u00a0f\u00fcr all Ihre gestalterischen Fragen und unterst\u00fctze Sie gerne in der professionellen Umsetzung Ihrer kreativen Ideen. Die Bilder k\u00f6nnen gemeinsam besprochen werden, was zu neuen Sichtweisen und Blickwinkeln und schlussendlich zur Entwicklung Ihrer ganz pers\u00f6nlichen Bildsprache beitr\u00e4gt.<\/p>\n<p><em>Der 2-t\u00e4gige Fotokurs hat sich bew\u00e4hrt, denn er bietet den TeilnehmerInnen gen\u00fcgend Raum f\u00fcr all Ihre gestalterischen und technischen Fragen, um das Erlernte zu festigen.<\/em><\/p>\n<h2 class=\"subtitle\"><strong>Kursziel<\/strong><\/h2>\n<ul>\n<li>Sie erhalten eine lebendige Einf\u00fchrung in die Geschichte der Fotografie<\/li>\n<li>Sie verstehen wie und wo Sie den Fokus in einem Bild setzen (scharf stellen)<\/li>\n<li>Sie k\u00f6nnen die Anwendungen Blenden, Zeit und ISO korrekt einsetzen und verstehen den Einfluss auf die Bildwirkung aus deren Kombination<\/li>\n<li>Sie lernen, wie Sie schwierige fotografische Situationen l\u00f6sen k\u00f6nnen<\/li>\n<li>Sie verstehen den Weissabgleich<\/li>\n<li>Sie kennen die Grundlagen der Bildaufteilung<\/li>\n<li>Sie k\u00f6nnen f\u00fcr Ihr Vorhaben die korrekte Objektivwahl treffen<\/li>\n<li>Sie wissen, welche Ausr\u00fcstung Sie f\u00fcr was ben\u00f6tigen<\/li>\n<li>Sie erhalten Ideen f\u00fcr Bild Pr\u00e4sentationsm\u00f6glichkeiten<\/li>\n<\/ul>\n<p><strong>Zielgruppe<br \/>\n<\/strong>Fotobegeisterte Personen ohne Grundkenntnisse mit eigener Spiegelreflex- oder Systemkamera<\/p>\n<p><strong>Gruppengr\u00f6sse<br \/>\n<\/strong>Kleingruppe bis max. 8 TeilnehmerInnen<br \/>\nAnmeldungen werden nach Eingangsdatum ber\u00fccksichtigt<\/p>\n<p><strong>Mitbringen<br \/>\n<\/strong>Digitale Spiegelreflex- oder Systemkamera<\/p>\n","protected":false},"excerpt":{"rendered":"<p>Weg von der Fotografie des Zufalls! Sie lernen sich nicht mehr von der Technik bestimmen zu lassen, sondern diese f\u00fcr Ihre Bildkreationen gezielt einzusetzen. Bestimmen Sie selbst, wo Sie den Fokus in Ihrem Bild legen, wie Sie die Sch\u00e4rfe verteilen, wo Ihr Bild hell oder dunkel sein soll und ob Ihr Bild Bewegung aufzeigt oder [&hellip;]<\/p>\n","protected":false},"featured_media":293,"template":"","meta":{"_et_pb_use_builder":"","_et_pb_old_content":"","_et_gb_content_width":""},"product_cat":[19,20,38,43,53],"product_tag":[89],"_links":{"self":[{"href":"https:\/\/online.kunst-schule.ch\/index.php\/wp-json\/wp\/v2\/product\/289"}],"collection":[{"href":"https:\/\/online.kunst-schule.ch\/index.php\/wp-json\/wp\/v2\/product"}],"about":[{"href":"https:\/\/online.kunst-schule.ch\/index.php\/wp-json\/wp\/v2\/types\/product"}],"wp:featuredmedia":[{"embeddable":true,"href":"https:\/\/online.kunst-schule.ch\/index.php\/wp-json\/wp\/v2\/media\/293"}],"wp:attachment":[{"href":"https:\/\/online.kunst-schule.ch\/index.php\/wp-json\/wp\/v2\/media?parent=289"}],"wp:term":[{"taxonomy":"product_cat","embeddable":true,"href":"https:\/\/online.kunst-schule.ch\/index.php\/wp-json\/wp\/v2\/product_cat?post=289"},{"taxonomy":"product_tag","embeddable":true,"href":"https:\/\/online.kunst-schule.ch\/index.php\/wp-json\/wp\/v2\/product_tag?post=289"}],"curies":[{"name":"wp","href":"https:\/\/api.w.org\/{rel}","templated":true}]}}