{"id":297,"date":"2021-04-17T18:26:29","date_gmt":"2021-04-17T18:26:29","guid":{"rendered":"https:\/\/online.kunst-schule.ch\/?post_type=product&#038;p=297"},"modified":"2021-04-17T19:48:08","modified_gmt":"2021-04-17T19:48:08","slug":"intensivkurs-lehrgang","status":"publish","type":"product","link":"https:\/\/online.kunst-schule.ch\/index.php\/produkt\/intensivkurs-lehrgang\/","title":{"rendered":"Intensivkurs (Lehrgang)"},"content":{"rendered":"<p>Der Fotolehrgang hat sich bew\u00e4hrt, denn er bietet den TeilnehmerInnen gen\u00fcgend Raum f\u00fcr all Ihre gestalterischen und technischen Fragen, um das Erlernte zu festigen.<\/p>\n<h2 class=\"subtitle\"><strong>Inhalt<\/strong><\/h2>\n<p>Machen Sie sich vertraut mit den Grundlagen von Fototechnik, Bildgestaltung und Bildbearbeitung.Der Kurs ist abwechslungsreich gestaltet, setzt sich ebenso mit Theorie auseinander wie auch mit praktischen \u00dcbungen. Sie bekommen Einblick in die wichtigsten Themen: Angefangen bei der Kamera Technik, Dateiformaten und Lichtf\u00fchrung \u00fcber Bildaufbau, Datensicherung, Bildbesprechung, das Arbeiten mit Adobe Lightroom und Photoshop u.v.m.<\/p>\n<p>Sie arbeiten mit Ihrer eigenen Kamera (DSLR oder Systemkamera) und Laptop, damit Sie das Erlernte im Alltag und zu Hause anwenden k\u00f6nnen.<\/p>\n<h2 class=\"subtitle\">Kursziele<\/h2>\n<p><strong>\u00a0Grundlagen der Fototechnik<\/strong><\/p>\n<ul>\n<li>Belichtungsmessung und manueller Modus<\/li>\n<li>Blende, Verschlusszeit und ISO-Empfindlichkeit<\/li>\n<li>Wichtigste Dateiformate<\/li>\n<li>Sch\u00e4rfe und Unsch\u00e4rfe<\/li>\n<li>Besondere Lichtverh\u00e4ltnisse<\/li>\n<li>Grundeinstellungen der Blitzlicht-Fotografie<\/li>\n<li>Basiswissen \u00fcber die Lichtf\u00fchrung<\/li>\n<li>Das Recht am eigenen Bild<\/li>\n<\/ul>\n<p><strong>Bildgestaltung und Bildbearbeitung<br \/>\n<\/strong><\/p>\n<ul>\n<li>Geschichte sowie zeitgen\u00f6ssische Werke der Fotografie<\/li>\n<li>Bildbetrachtung und Bildbesprechung<\/li>\n<li>Bildaufbau (Ausschnitt, Perspektive, Bildraum, Bildelemente)<\/li>\n<li>Datensicherung und Datenverwaltung<\/li>\n<li>Grundlagen von Photoshop und Lightroom (Adobe)<\/li>\n<\/ul>\n<p><strong>Zielgruppe<br \/>\n<\/strong>Fotobegeisterte Personen ohne Grundkenntnisse<\/p>\n<p><strong>Gruppengr\u00f6sse<br \/>\n<\/strong>Kleingruppe bis max. 4 TeilnehmerInnen<br \/>\nAnmeldungen werden nach Eingangsdatum ber\u00fccksichtigt<\/p>\n<p><strong>Mitbringen<br \/>\n<\/strong>Digitale Spiegelreflex- oder Systemkamera, (falls vorhanden mit Zubeh\u00f6r) und Bedienungsanleitung.<br \/>\nLaptop mit Adobe Lightroom und Adobe Photoshop (Testversion kostenlos erh\u00e4ltlich)<\/p>\n","protected":false},"excerpt":{"rendered":"<p>Der Fotolehrgang hat sich bew\u00e4hrt, denn er bietet den TeilnehmerInnen gen\u00fcgend Raum f\u00fcr all Ihre gestalterischen und technischen Fragen, um das Erlernte zu festigen. Inhalt Machen Sie sich vertraut mit den Grundlagen von Fototechnik, Bildgestaltung und Bildbearbeitung.Der Kurs ist abwechslungsreich gestaltet, setzt sich ebenso mit Theorie auseinander wie auch mit praktischen \u00dcbungen. Sie bekommen Einblick [&hellip;]<\/p>\n","protected":false},"featured_media":299,"template":"","meta":{"_et_pb_use_builder":"","_et_pb_old_content":"","_et_gb_content_width":""},"product_cat":[19,20,38,43,53],"product_tag":[89],"_links":{"self":[{"href":"https:\/\/online.kunst-schule.ch\/index.php\/wp-json\/wp\/v2\/product\/297"}],"collection":[{"href":"https:\/\/online.kunst-schule.ch\/index.php\/wp-json\/wp\/v2\/product"}],"about":[{"href":"https:\/\/online.kunst-schule.ch\/index.php\/wp-json\/wp\/v2\/types\/product"}],"wp:featuredmedia":[{"embeddable":true,"href":"https:\/\/online.kunst-schule.ch\/index.php\/wp-json\/wp\/v2\/media\/299"}],"wp:attachment":[{"href":"https:\/\/online.kunst-schule.ch\/index.php\/wp-json\/wp\/v2\/media?parent=297"}],"wp:term":[{"taxonomy":"product_cat","embeddable":true,"href":"https:\/\/online.kunst-schule.ch\/index.php\/wp-json\/wp\/v2\/product_cat?post=297"},{"taxonomy":"product_tag","embeddable":true,"href":"https:\/\/online.kunst-schule.ch\/index.php\/wp-json\/wp\/v2\/product_tag?post=297"}],"curies":[{"name":"wp","href":"https:\/\/api.w.org\/{rel}","templated":true}]}}